{"id":878,"date":"2025-08-07T22:15:17","date_gmt":"2025-08-07T22:15:17","guid":{"rendered":"http:\/\/ebgi.eu\/?page_id=878"},"modified":"2025-08-07T22:15:17","modified_gmt":"2025-08-07T22:15:17","slug":"ebgi_privacy-policy","status":"publish","type":"page","link":"https:\/\/ebgi.eu\/index.php\/ebgi_privacy-policy\/","title":{"rendered":"EBGI_Privacy Policy"},"content":{"rendered":"\n<p>INFORMATIVA PER IL TRATTAMENTO DEI DATI PERSONALI<br>Informativa ai sensi e per gli effetti del Regolamento UE n. 679 del 27 aprile 2016<br>(General Data Protection Regulation \u2013 G.D.P.R.) \u201crelativo alla protezione delle persone<br>fisiche con riguardo al trattamento dei dati personali, nonch\u00e9 alla libera circolazione di tali<br>dati e che abroga la direttiva 95\/46\/CE (regolamento generale sulla protezione dei dati)\u201d<br>e del D.lgs. no.101\/2018.<br>Ai sensi e per gli effetti del Regolamento UE n.679\/2016 (di seguito \u201cRegolamento\u201d) La<br>informiamo di quanto segue.<br>I dati personali che ci vorr\u00e0 comunicare saranno trattati nel rispetto dei principi di protezione<br>dei dati personali stabiliti dal Regolamento e delle altre norme vigenti in materia. Il<br>conferimento dei dati \u00e8 facoltativo o obbligatorio in relazione alle diverse finalit\u00e0 per cui gli<br>stessi vengono trattati. Laddove sia indicato che il conferimento dei dati \u00e8 facoltativo, il loro<br>mancato conferimento non comporter\u00e0 alcuna conseguenza. Laddove il conferimento dei dati<br>sia ritenuto obbligatorio, il loro mancato conferimento Le precluder\u00e0 la possibilit\u00e0 di fruire dei<br>servizi offerti dal portale www.ebgi.eu (di seguito \u201csito web\u201d)<br>A. Titolare del trattamento. Responsabili del Trattamento<br>Il Titolare del trattamento \u00e8 E.B.G.I. S.r.l. (di seguito \u201cil Titolare\u201d), in persona del suo legale<br>rappresentante pro tempore. Il Titolare pu\u00f2 essere contattato mediante comunicazione scritta<br>da inviarsi a: info@ebgi.eu<br>Il Titolare pu\u00f2 nominare uno o pi\u00f9 Responsabili del Trattamento, ai sensi dell\u2019art. 28 del<br>Regolamento.<br>L\u2019elenco aggiornato dei Responsabili del Trattamento \u00e8 disponibile presso il Titolare.<br>B. Finalit\u00e0 del trattamento e base giuridica del trattamento<br>1) Il conferimento dei suoi dati personali per consentirle di fruire dei servizi resi dal sito<br>web, laddove richiesto, quelli rientranti nelle particolari categorie \u00e8 obbligatorio. Il loro<br>mancato conferimento impedisce la possibilit\u00e0 di fruire dei nostri servizi.<br>2) Il conferimento dei suoi dati personali per finalit\u00e0 di indagini statistiche \u00e8 facoltativo. Il<br>loro mancato conferimento non ha alcuna conseguenza.<br>3) Il conferimento dei suoi dati personali per finalit\u00e0 di promozione relativa ai nostri servizi e<br>alle nostre attivit\u00e0 \u00e8 facoltativo. Il loro mancato conferimento non ha alcuna<br>conseguenza.<br>C. Modalit\u00e0 del trattamento<br>Salvo indicato diversamente, i suoi dati personali saranno trattati sia con strumenti automatizzati,<br>sia con strumenti non automatizzati. Abbiamo adottate specifiche misure di sicurezza per<br>prevenire la perdita dei dati, usi illeciti o non corretti, nonch\u00e9 accessi non autorizzati.<br>I suoi dati personali sono custoditi esclusivamente in Italia.<br>I suoi dati personali potranno essere trattati, oltre che dal Titolare, dai Responsabili e dalle<br>persone a ci\u00f2 autorizzate ai sensi dell\u2019art. 28 del Regolamento, inclusi, laddove ci\u00f2 sia<br>necessario, Istituti e Enti pubblici e privati che collaborano con il sito web.<br>I suoi dati personali potranno essere inoltre comunicati a soggetti ai quali la facolt\u00e0 di accedere<br>ai dati personali sia riconosciuta da disposizioni di legge vigente, nonch\u00e9 a soggetti nei<br>confronti dei quali la comunicazione sia prevista da norme di legge o a soggetti pubblici per lo<br>svolgimento delle loro funzioni istituzionali.<br>I nostri trattamenti non implicano processi decisionali automatizzati.<br>D. Durata di conservazione dei dati<br>I suoi dati personali saranno conservati nei nostri archivi, in forma non anonimizzata, per il<br>tempo ragionevolmente necessario a soddisfare le finalit\u00e0 per cui sono stati raccolti e, se<br>necessario per adempiere agli obblighi di legge applicabili.<br>E. Diritti dell\u2019interessato<br>L&#8217;interessato ha diritto di ottenere l&#8217;indicazione:<\/p>\n\n\n\n<ol class=\"wp-block-list\">\n<li>dell&#8217;origine dei dati personali;<\/li>\n\n\n\n<li>delle finalit\u00e0 e modalit\u00e0 del trattamento;<\/li>\n\n\n\n<li>della logica applicata in caso di trattamento effettuato con l&#8217;ausilio di strumenti elettronici;<\/li>\n\n\n\n<li>degli estremi identificativi del titolare, dei responsabili e del rappresentante designato ai<br>sensi dell&#8217;articolo 5, comma 2 del Decreto legislativo 30 giugno 2003, n. 196;<\/li>\n\n\n\n<li>dei soggetti o delle categorie di soggetti ai quali i dati personali possono essere<br>comunicati che possono venirne a conoscenza in qualit\u00e0 di rappresentante designato nel<br>territorio dello Stato, di responsabili o incaricati.<br>L&#8217;interessato ha diritto di ottenere:<br>A. l&#8217;aggiornamento, la rettificazione ovvero, quando vi ha interesse, l&#8217;integrazione dei dati;<br>B. la cancellazione, la trasformazione in forma anonima o il blocco dei dati trattati in<br>violazione di legge, compresi quelli di cui non \u00e8 necessaria la conservazione in relazione<br>agli scopi per i quali i dati sono stati raccolti o successivamente trattati;<br>C. l&#8217;attestazione che le operazioni di cui alle lettere a) e b) sono state portate a conoscenza,<br>anche per quanto riguarda il loro contenuto, di coloro ai quali i dati sono stati comunicati<br>o diffusi, eccettuato il caso in cui tale adempimento si rivela impossibile o comporta un<br>impiego di mezzi manifestamente sproporzionato rispetto al diritto tutelato.<br>L&#8217;interessato ha diritto di opporsi, in tutto o in parte:<\/li>\n\n\n\n<li>per motivi legittimi al trattamento dei dati personali che lo riguardano, ancorch\u00e9 pertinenti<br>allo scopo della raccolta;<\/li>\n\n\n\n<li>al trattamento di dati personali che lo riguardano a fini di invio di materiale pubblicitario<br>o di vendita diretta o per il compimento di ricerche di mercato o di comunicazione<br>commerciale.<br>Per esercitare i propri diritti, l\u2019interessato pu\u00f2 scrivere un\u2019email all\u2019indirizzo info@ebgi.eu<br>Modifiche all&#8217;Informativa sulla privacy<br>Ci riserviamo il diritto di modificare questa Informativa sulla privacy in qualsiasi momento, a<br>nostra discrezione. Ti invitiamo a consultare regolarmente questa pagina per eventuali<br>modifiche.<\/li>\n<\/ol>\n","protected":false},"excerpt":{"rendered":"<p>INFORMATIVA PER IL TRATTAMENTO DEI DATI PERSONALIInformativa ai sensi e per gli effetti del Regolamento UE n. 679 del 27 [&hellip;]<\/p>\n","protected":false},"author":1,"featured_media":0,"parent":0,"menu_order":0,"comment_status":"closed","ping_status":"closed","template":"","meta":{"_uag_custom_page_level_css":"","site-sidebar-layout":"default","site-content-layout":"","ast-site-content-layout":"default","site-content-style":"default","site-sidebar-style":"default","ast-global-header-display":"","ast-banner-title-visibility":"","ast-main-header-display":"","ast-hfb-above-header-display":"","ast-hfb-below-header-display":"","ast-hfb-mobile-header-display":"","site-post-title":"","ast-breadcrumbs-content":"","ast-featured-img":"","footer-sml-layout":"","theme-transparent-header-meta":"","adv-header-id-meta":"","stick-header-meta":"","header-above-stick-meta":"","header-main-stick-meta":"","header-below-stick-meta":"","astra-migrate-meta-layouts":"default","ast-page-background-enabled":"default","ast-page-background-meta":{"desktop":{"background-color":"var(--ast-global-color-5)","background-image":"","background-repeat":"repeat","background-position":"center center","background-size":"auto","background-attachment":"scroll","background-type":"","background-media":"","overlay-type":"","overlay-color":"","overlay-opacity":"","overlay-gradient":""},"tablet":{"background-color":"","background-image":"","background-repeat":"repeat","background-position":"center center","background-size":"auto","background-attachment":"scroll","background-type":"","background-media":"","overlay-type":"","overlay-color":"","overlay-opacity":"","overlay-gradient":""},"mobile":{"background-color":"","background-image":"","background-repeat":"repeat","background-position":"center center","background-size":"auto","background-attachment":"scroll","background-type":"","background-media":"","overlay-type":"","overlay-color":"","overlay-opacity":"","overlay-gradient":""}},"ast-content-background-meta":{"desktop":{"background-color":"var(--ast-global-color-4)","background-image":"","background-repeat":"repeat","background-position":"center center","background-size":"auto","background-attachment":"scroll","background-type":"","background-media":"","overlay-type":"","overlay-color":"","overlay-opacity":"","overlay-gradient":""},"tablet":{"background-color":"var(--ast-global-color-4)","background-image":"","background-repeat":"repeat","background-position":"center center","background-size":"auto","background-attachment":"scroll","background-type":"","background-media":"","overlay-type":"","overlay-color":"","overlay-opacity":"","overlay-gradient":""},"mobile":{"background-color":"var(--ast-global-color-4)","background-image":"","background-repeat":"repeat","background-position":"center center","background-size":"auto","background-attachment":"scroll","background-type":"","background-media":"","overlay-type":"","overlay-color":"","overlay-opacity":"","overlay-gradient":""}},"footnotes":""},"class_list":["post-878","page","type-page","status-publish","hentry"],"uagb_featured_image_src":{"full":false,"thumbnail":false,"medium":false,"medium_large":false,"large":false,"1536x1536":false,"2048x2048":false},"uagb_author_info":{"display_name":"admin2463","author_link":"https:\/\/ebgi.eu\/author\/admin2463\/"},"uagb_comment_info":0,"uagb_excerpt":"INFORMATIVA PER IL TRATTAMENTO DEI DATI PERSONALIInformativa ai sensi e per gli effetti del Regolamento UE n. 679 del 27 [&hellip;]","_links":{"self":[{"href":"https:\/\/ebgi.eu\/index.php\/wp-json\/wp\/v2\/pages\/878","targetHints":{"allow":["GET"]}}],"collection":[{"href":"https:\/\/ebgi.eu\/index.php\/wp-json\/wp\/v2\/pages"}],"about":[{"href":"https:\/\/ebgi.eu\/index.php\/wp-json\/wp\/v2\/types\/page"}],"author":[{"embeddable":true,"href":"https:\/\/ebgi.eu\/index.php\/wp-json\/wp\/v2\/users\/1"}],"replies":[{"embeddable":true,"href":"https:\/\/ebgi.eu\/index.php\/wp-json\/wp\/v2\/comments?post=878"}],"version-history":[{"count":1,"href":"https:\/\/ebgi.eu\/index.php\/wp-json\/wp\/v2\/pages\/878\/revisions"}],"predecessor-version":[{"id":880,"href":"https:\/\/ebgi.eu\/index.php\/wp-json\/wp\/v2\/pages\/878\/revisions\/880"}],"wp:attachment":[{"href":"https:\/\/ebgi.eu\/index.php\/wp-json\/wp\/v2\/media?parent=878"}],"curies":[{"name":"wp","href":"https:\/\/api.w.org\/{rel}","templated":true}]}}