{"id":550,"date":"2025-08-03T20:03:30","date_gmt":"2025-08-03T20:03:30","guid":{"rendered":"http:\/\/ebgi.eu\/?page_id=550"},"modified":"2025-08-17T22:42:27","modified_gmt":"2025-08-17T22:42:27","slug":"certificazioni-e-accreditamenti","status":"publish","type":"page","link":"https:\/\/ebgi.eu\/index.php\/certificazioni-e-accreditamenti\/","title":{"rendered":"Certificazioni e Accreditamenti"},"content":{"rendered":"\n<!DOCTYPE html>\n<html lang=\"it\">\n<head>\n  <meta charset=\"UTF-8\">\n  <meta name=\"viewport\" content=\"width=device-width, initial-scale=1.0\">\n  <title>Certificazioni Ambientali<\/title>\n\n  <!-- Font -->\n  <link href=\"https:\/\/fonts.googleapis.com\/css2?family=DM+Sans:wght@600&#038;family=Outfit:wght@400;700&#038;display=swap\" rel=\"stylesheet\">\n\n  <style>\n    body {\n      font-family: 'Outfit', sans-serif;\n      margin: 0;\n      padding: 0;\n      background-color: #fff;\n      color: #00205b;\n    }\n\n    \/* ===== Header sopra le colonne ===== *\/\n    .cert-header {\n      max-width: 1200px;\n      margin: 0 auto;\n      padding: 60px 30px 0 30px;\n      text-align: center;\n    }\n\n    \/* titoletto verde *\/\n    .cert-header .cert-subtitle {\n      font-family: 'Outfit', sans-serif;\n      font-size: 14px;\n      font-weight: 700;          \/* Bold *\/\n      color: #9AB926;\n      text-transform: uppercase;\n      margin: 0 0 8px 0;\n    }\n\n    \/* titolo grande *\/\n    .cert-header .cert-title {\n      font-family: 'DM Sans', sans-serif;\n      font-size: 40px;           \/* DM Sans ~40px Semibold *\/\n      font-weight: 600;          \/* SemiBold *\/\n      color: #00205b;\n      line-height: 1.2;\n      margin: 0 0 24px 0;\n    }\n\n    \/* ===== Sezione a due colonne ===== *\/\n    .cert-section {\n      display: grid;\n      grid-template-columns: 1fr 1fr;\n      align-items: center;\n      gap: 40px;\n      padding: 30px 30px 60px 30px; \/* padding top ridotto perch\u00e9 header \u00e8 sopra *\/\n      max-width: 1200px;\n      margin: 0 auto;\n    }\n\n    .cert-image-container {\n      width: 100%;\n      aspect-ratio: 1 \/ 1;\n      overflow: hidden;\n      display: flex;\n      align-items: center;\n      justify-content: center;\n      border-radius: 4px;\n    }\n\n    .cert-image-container img {\n      width: 80%;\n      height: 80%;\n      object-fit: cover;\n    }\n\n    .cert-text {\n      max-width: 500px;\n    }\n\n    \/* titoletto interno (rimane nella colonna destra) *\/\n    .cert-highlight {\n      font-family: 'Outfit', sans-serif;\n      font-size: 18px;\n      font-weight: 700;          \/* Bold *\/\n      color: #121212;\n      margin: 0 0 8px 0;\n    }\n\n    .cert-paragraph {\n      font-family: 'Outfit', sans-serif;\n      font-size: 14px;           \/* Regular 14px *\/\n      font-weight: 400;\n      line-height: 1.6;\n      color: #00205b;\n      margin: 0 0 20px 0;\n    }\n\n    .cert-icons {\n      display: flex;\n      gap: 24px;\n      font-size: 24px;\n      justify-content: flex-start;\n      color: #7cb518;\n    }\n\n    \/* ===== Sezione box (lasciata invariata) ===== *\/\n    .grid-certificazioni {\n      background-color: #00205b;\n      color: #00205b;\n      padding: 50px 20px;\n    }\n\n    .grid-certificazioni h2 {\n      color: white;\n      font-size: 20px;\n      margin-bottom: 30px;\n      text-align: center;\n    }\n\n    .cert-grid {\n      display: grid;\n      grid-template-columns: repeat(2, 1fr);\n      gap: 15px;\n      max-width: 1000px;\n      margin: auto;\n    }\n\n    .cert-box {\n      background-color: white;\n      padding: 16px;\n      border-radius: 4px;\n      box-shadow: 0 0 6px rgba(0,0,0,0.05);\n      text-align: left;\n      border: 2px solid white;\n    }\n\n    .cert-grid .cert-box:nth-child(odd)  { border-left: 4px solid #7cb518; }\n    .cert-grid .cert-box:nth-child(even) { border-right: 4px solid #7cb518; }\n\n    .cert-box h3 {\n      margin-top: 0;\n      margin-bottom: 8px;\n      font-size: 14px;\n      font-weight: black;\n    }\n    .cert-box h4 {\n      margin-top: 0;\n      margin-bottom: 8px;\n      font-size: 14px;\n      font-weight: regular;\n    }\n    .cert-box p {\n      margin: 0;\n      font-size: 13px;\n      line-height: 1.4;\n    }\n\n    \/* ===== Responsive ===== *\/\n    @media (max-width: 1024px) {\n      .cert-section {\n        grid-template-columns: 1fr;\n        padding: 20px 20px 40px 20px;\n        text-align: center;\n      }\n      .cert-text { max-width: 100%; }\n      .cert-icons { justify-content: center; }\n      .cert-image-container { aspect-ratio: 4 \/ 3; }\n      .cert-image-container img { width: 100%; height: auto; }\n\n      .cert-grid { grid-template-columns: 1fr; }\n      .cert-box  { border-left: 4px solid #7cb518 !important; border-right: none !important; }\n    }\n\n    @media (max-width: 600px) {\n      .cert-header { padding: 40px 20px 0 20px; }\n      .cert-header .cert-title { font-size: 28px; }\n\n      .cert-section { gap: 24px; }\n      .cert-highlight { font-size: 16px; }\n      .cert-paragraph { font-size: 13px; }\n\n      .grid-certificazioni h2 { font-size: 18px; }\n    }\n  <\/style>\n<\/head>\n<body>\n\n  <!-- Titoli fuori dalle colonne -->\n  <header class=\"cert-header\">\n    <div class=\"cert-subtitle\">Certificazioni Ambientali<\/div>\n    <h1 class=\"cert-title\">L\u2019impegno<br>per un futuro sostenibile<\/h1>\n  <\/header>\n\n  <!-- Due colonne: immagine + testo -->\n  <section class=\"cert-section\">\n    <div class=\"cert-image-container\">\n      <img decoding=\"async\" src=\"http:\/\/ebgi.eu\/wp-content\/uploads\/2025\/08\/Gruppo-di-maschere-43.png\" alt=\"Certificazione sostenibile\">\n    <\/div>\n\n    <div class=\"cert-text\">\n      <div class=\"cert-highlight\">L\u2019importanza dell\u2019edilizia sostenibile<\/div>\n      <div class=\"cert-paragraph\">\n        Il settore edile \u00e8 al centro di una transizione cruciale verso la sostenibilit\u00e0. Considerando l\u2019alto impiego di risorse e il contributo significativo alle emissioni globali, adottare certificazioni ambientali non \u00e8 solo una scelta etica, ma anche un investimento strategico per garantire qualit\u00e0 e durabilit\u00e0 nel tempo. Le certificazioni offrono un quadro chiaro per ridurre l\u2019impatto ambientale delle costruzioni, assicurando al contempo efficienza energetica e responsabilit\u00e0 sociale.\n      <\/div>\n      <div class=\"cert-icons\">\n        <img decoding=\"async\" src=\"http:\/\/ebgi.eu\/wp-content\/uploads\/2025\/08\/SVGRepo_iconCarrier-5.png\" alt=\"Edificio\" style=\"width:40px; height:auto;\">\n        <img decoding=\"async\" src=\"http:\/\/ebgi.eu\/wp-content\/uploads\/2025\/08\/SVGRepo_iconCarrier-6.png\" alt=\"Termometro\" style=\"width:40px; height:auto;\">\n        <img decoding=\"async\" src=\"http:\/\/ebgi.eu\/wp-content\/uploads\/2025\/08\/SVGRepo_iconCarrier-4.png\" alt=\"Foglia\" style=\"width:40px; height:auto;\">\n      <\/div>\n    <\/div>\n  <\/section>\n\n  <!-- Sezione box (inalterata) -->\n  <section class=\"grid-certificazioni\">\n    <h2>Principali Certificazioni Ambientali<\/h2>\n    <div class=\"cert-grid\">\n      <div class=\"cert-box\">\n        <h3>Marcatura CE<\/h3>\n        <p>Garantisce che i prodotti edili rispettino\ngli standard di sicurezza e ambiente dell\u2019UE, assicurando qualit\u00e0 e conformit\u00e0\nsul mercato europeo.<\/p>\n      <\/div>\n      <div class=\"cert-box\">\n        <h3>Criteri Ambientali Minimi (CAM)<\/h3>\n        <p>Guidano gli acquisti pubblici verso materiali\ne processi edili sostenibili,\npromuovendo efficienza energetica\ne minori impatti ambientali.<\/p>\n      <\/div>\n      <div class=\"cert-box\">\n        <h3>Valutazione del Ciclo di Vita (LCA)<\/h3>\n        <p>Fornisce un\u2019analisi completa dell\u2019impatto ambientale dei materiali durante tutto il loro ciclo di vita, facilitando scelte consapevoli.<\/p>\n      <\/div>\n      <div class=\"cert-box\">\n        <h3>Dichiarazione Ambientale di Prodotto (EPD)<\/h3>\n        <p>Offrendo dati quantificati sull\u2019impatto ambientale, consente decisioni informate\nper progetti sostenibili.<\/p>\n      <\/div>\n      <div class=\"cert-box\">\n        <h3>Certificazioni ISO (ISO 14001 e simili)<\/h3>\n        <p>Supportano l\u2019adozione di sistemi di gestione ambientale per migliorare le prestazioni sostenibili delle aziende.<\/p>\n      <\/div>\n      <div class=\"cert-box\">\n        <h3>Low Carbon Timber<\/h3>\n        <p>Garantisce l\u2019utilizzo di legname a basse emissioni di carbonio, proveniente da foreste gestite responsabilmente.<\/p>\n      <\/div>\n      <div class=\"cert-box\">\n        <h3>PEFC<\/h3>\n        <h4>Programme for the Endorsement\nof Forest Certification<\/h4>\n        <p>Certifica la gestione sostenibile\ndelle foreste, assicurando la tracciabilit\u00e0\ndel legname utilizzato.<\/p>\n      <\/div>\n      <div class=\"cert-box\">\n        <h3>BREEAM<\/h3>\n        <p>Questa certificazione consiste in una metodologia di valutazione di sostenibilit\u00e0 ambientale per tutti gli edifici progettati e tuttora in fase di realizzazione.\n\u00c8 fondamentale per lo sviluppo del mercato immobiliare di alta fascia.<\/p>\n      <\/div>\n      <div class=\"cert-box\">\n        <h3>ISO 9001<\/h3>\n        <p>Si tratta di uno standard internazionale\nche attesta la qualit\u00e0 dei processi aziendali.\nIndica che un\u2019azienda \u00e8 in grado di fornire\nun determinato prodotto o servizio in maniera consistente e affidabile, rispettando\nle aspettative del cliente.<\/p>\n      <\/div>\n      <div class=\"cert-box\">\n        <h3>ISO 14001 (e simili)<\/h3>\n        <p>Queste certificazioni contribuiscono a identificare, gestire, monitorare correttamente gli impatti ambientali relativi alle attivit\u00e0 di un\u2019organizzazione.<\/p>\n      <\/div>\n    <\/div>\n  <\/section>\n\n<\/body>\n<\/html>\n\n\n\n\n<style>\n\/* Import Google Fonts *\/\n@import url('https:\/\/fonts.googleapis.com\/css2?family=DM+Sans:wght@600&family=Outfit:wght@400&display=swap');\n\n.cert2-section {\n  display: flex;\n  flex-wrap: wrap;\n  gap: 40px;\n  padding: 60px 130px;\n  max-width: 1400px;\n  margin: auto;\n  align-items: center;\n}\n\n\/* Colonna immagini con effetto overlap *\/\n.cert2-images {\n  position: relative;\n  width: 400px;\n  min-width: 280px;\n  flex-shrink: 0;\n}\n\n.cert2-images img:first-child {\n  position: relative;\n  z-index: 2;\n  width: 70%;\n  height: auto;\n  display: block;\n  margin-left: auto;\n  box-shadow: 0 4px 10px rgba(0,0,0,0.15);\n}\n\n.cert2-images img:last-child {\n  position: absolute;\n  bottom: -40px;\n  left: 0;\n  width: 70%;\n  height: auto;\n  z-index: 1;\n  box-shadow: 0 4px 10px rgba(0,0,0,0.15);\n}\n\n\/* Colonna testo *\/\n.cert2-text {\n  flex: 1;\n  max-width: 600px;\n}\n\n.cert2-text h2 {\n  font-family: 'DM Sans', sans-serif;\n  font-size: 37px;\n  font-weight: 600; \/* SemiBold *\/\n  margin-bottom: 15px;\n  color: #00205b;\n}\n\n.cert2-text p,\n.cert2-text ul {\n  font-family: 'Outfit', sans-serif;\n  font-size: 14px;\n  font-weight: 400; \/* Regular *\/\n  color: #00205b;\n  line-height: 1.6;\n}\n\n.cert2-text li {\n  margin-bottom: 10px;\n}\n\n.cert2-text li::marker {\n  color: #7cb518;\n}\n\n\/* Tablet *\/\n@media (max-width: 1024px) {\n  .cert2-section {\n    padding: 40px;\n  }\n  .cert2-images {\n    margin: 0 auto;\n  }\n}\n\n\/* Mobile *\/\n@media (max-width: 600px) {\n  .cert2-section {\n    flex-direction: column;\n    align-items: center;\n    padding: 30px 20px;\n  }\n  .cert2-images {\n    width: 100%;\n    max-width: 300px;\n  }\n  .cert2-images img:first-child,\n  .cert2-images img:last-child {\n    position: static;\n    width: 100%;\n    margin: 0 0 15px 0;\n  }\n  .cert2-text h2 {\n    text-align: center;\n    font-size: 24px; \/* ridotto per mobile *\/\n  }\n}\n<\/style>\n\n<section class=\"cert2-section\">\n  <!-- Colonna foto -->\n  <div class=\"cert2-images\">\n    <img decoding=\"async\" src=\"http:\/\/ebgi.eu\/wp-content\/uploads\/2025\/08\/Raggruppa-310.png\" alt=\"Certificato\">\n    <img decoding=\"async\" src=\"http:\/\/ebgi.eu\/wp-content\/uploads\/2025\/08\/Raggruppa-311.png\" alt=\"Firma documento\">\n  <\/div>\n\n  <!-- Colonna testo -->\n  <div class=\"cert2-text\">\n    <h2>Perch\u00e9 scegliere aziende<br>certificate?<\/h2>\n    <p>Affidarsi a un&#8217;azienda certificata significa investire in un futuro pi\u00f9 verde e responsabile.<\/p>\n    <ul>\n      <li>Materiali rinnovabili e soluzioni a basso impatto<\/li>\n      <li>Riduzione delle emissioni e dei consumi energetici<\/li>\n      <li>Minori costi operativi a lungo termine grazie all&#8217;efficienza energetica<\/li>\n      <li>Valore di mercato pi\u00f9 elevato per edifici sostenibili, rispondendo alla crescente domanda di soluzioni eco-compatibili<\/li>\n    <\/ul>\n  <\/div>\n<\/section>\n\n\n\n<!DOCTYPE html>\n<html lang=\"it\">\n<head>\n  <meta charset=\"UTF-8\">\n  <meta name=\"viewport\" content=\"width=device-width, initial-scale=1.0\">\n  <title>Costruire con sostenibilit\u00e0<\/title>\n <link href=\"https:\/\/fonts.googleapis.com\/css2?family=DM+Sans:wght@400;700&#038;display=swap\" rel=\"stylesheet\">\n  <style>\n    body {\n      margin: 0;\n      padding: 0;\n      font-family: 'DM Sans', sans-serif;\n    }\n\n    .hero-section {\n      position: relative;\n      background-image: url('http:\/\/ebgi.eu\/wp-content\/uploads\/2025\/08\/construction-site_53876-14088.png');\n      background-size: cover;\n      background-position: center;\n      height: 500px;\n      display: flex;\n      align-items: center;\n      justify-content: center;\n      text-align: center;\n    }\n\n    .overlay {\n      position: absolute;\n      top: 0;\n      left: 0;\n      width: 100%;\n      height: 100%;\n      background-color: rgba(0, 28, 64, 0.6);\n      z-index: 1;\n    }\n\n    .hero-content {\n      position: relative;\n      z-index: 2;\n      color: white;\n      max-width: 1000px;\n      padding: 0 20px;\n    }\n\n    .hero-content h1 {\n      font-size: 36px;\n      margin-bottom: 20px;\n      font-weight: bold;\n      color: white;\n    }\n\n    .hero-content h2 {\n      font-size: 24px;\n      line-height: 1.6;\nfont-weight: semibold;\n      color: white;\n    }\n\n    \/* \u2705 Responsive tablet *\/\n    @media (max-width: 1024px) {\n      .hero-section {\n        height: 450px;\n        padding: 0 20px;\n      }\n\n      .hero-content h1 {\n        font-size: 28px;\n      }\n\n      .hero-content h2 {\n        font-size: 16px;\n      }\n    }\n\n    \/* \u2705 Responsive smartphone *\/\n    @media (max-width: 600px) {\n      .hero-section {\n        height: auto;\n        padding: 60px 20px;\n      }\n\n      .hero-content h1 {\n        font-size: 22px;\n      }\n\n      .hero-content h2 {\n        font-size: 15px;\n      }\n    }\n  <\/style>\n<\/head>\n<body>\n  <section class=\"hero-section\">\n    <div class=\"overlay\"><\/div>\n    <div class=\"hero-content\">\n      <h2>Collaborare con imprese impegnate nella sostenibilit\u00e0<br>\nmigliora l\u2019immagine aziendale e rafforza la fiducia con clienti e comunit\u00e0. <\/h2>\n      <h1>Insieme,<br>\npossiamo costruire un domani migliore,<br>\nun mattone alla volta.<\/h1>\n    <\/div>\n  <\/section>\n<\/body>\n<\/html>\n","protected":false},"excerpt":{"rendered":"<p>Certificazioni Ambientali Certificazioni Ambientali L\u2019impegnoper un futuro sostenibile L\u2019importanza dell\u2019edilizia sostenibile Il settore edile \u00e8 al centro di una transizione [&hellip;]<\/p>\n","protected":false},"author":1,"featured_media":0,"parent":0,"menu_order":0,"comment_status":"closed","ping_status":"closed","template":"","meta":{"_uag_custom_page_level_css":"","site-sidebar-layout":"default","site-content-layout":"","ast-site-content-layout":"full-width-container","site-content-style":"default","site-sidebar-style":"default","ast-global-header-display":"","ast-banner-title-visibility":"","ast-main-header-display":"","ast-hfb-above-header-display":"","ast-hfb-below-header-display":"","ast-hfb-mobile-header-display":"","site-post-title":"disabled","ast-breadcrumbs-content":"","ast-featured-img":"","footer-sml-layout":"","theme-transparent-header-meta":"","adv-header-id-meta":"","stick-header-meta":"","header-above-stick-meta":"","header-main-stick-meta":"","header-below-stick-meta":"","astra-migrate-meta-layouts":"default","ast-page-background-enabled":"default","ast-page-background-meta":{"desktop":{"background-color":"var(--ast-global-color-5)","background-image":"","background-repeat":"repeat","background-position":"center center","background-size":"auto","background-attachment":"scroll","background-type":"","background-media":"","overlay-type":"","overlay-color":"","overlay-opacity":"","overlay-gradient":""},"tablet":{"background-color":"","background-image":"","background-repeat":"repeat","background-position":"center center","background-size":"auto","background-attachment":"scroll","background-type":"","background-media":"","overlay-type":"","overlay-color":"","overlay-opacity":"","overlay-gradient":""},"mobile":{"background-color":"","background-image":"","background-repeat":"repeat","background-position":"center center","background-size":"auto","background-attachment":"scroll","background-type":"","background-media":"","overlay-type":"","overlay-color":"","overlay-opacity":"","overlay-gradient":""}},"ast-content-background-meta":{"desktop":{"background-color":"var(--ast-global-color-4)","background-image":"","background-repeat":"repeat","background-position":"center center","background-size":"auto","background-attachment":"scroll","background-type":"","background-media":"","overlay-type":"","overlay-color":"","overlay-opacity":"","overlay-gradient":""},"tablet":{"background-color":"var(--ast-global-color-4)","background-image":"","background-repeat":"repeat","background-position":"center center","background-size":"auto","background-attachment":"scroll","background-type":"","background-media":"","overlay-type":"","overlay-color":"","overlay-opacity":"","overlay-gradient":""},"mobile":{"background-color":"var(--ast-global-color-4)","background-image":"","background-repeat":"repeat","background-position":"center center","background-size":"auto","background-attachment":"scroll","background-type":"","background-media":"","overlay-type":"","overlay-color":"","overlay-opacity":"","overlay-gradient":""}},"footnotes":""},"class_list":["post-550","page","type-page","status-publish","hentry"],"uagb_featured_image_src":{"full":false,"thumbnail":false,"medium":false,"medium_large":false,"large":false,"1536x1536":false,"2048x2048":false},"uagb_author_info":{"display_name":"admin2463","author_link":"https:\/\/ebgi.eu\/author\/admin2463\/"},"uagb_comment_info":0,"uagb_excerpt":"Certificazioni Ambientali Certificazioni Ambientali L\u2019impegnoper un futuro sostenibile L\u2019importanza dell\u2019edilizia sostenibile Il settore edile \u00e8 al centro di una transizione [&hellip;]","_links":{"self":[{"href":"https:\/\/ebgi.eu\/index.php\/wp-json\/wp\/v2\/pages\/550","targetHints":{"allow":["GET"]}}],"collection":[{"href":"https:\/\/ebgi.eu\/index.php\/wp-json\/wp\/v2\/pages"}],"about":[{"href":"https:\/\/ebgi.eu\/index.php\/wp-json\/wp\/v2\/types\/page"}],"author":[{"embeddable":true,"href":"https:\/\/ebgi.eu\/index.php\/wp-json\/wp\/v2\/users\/1"}],"replies":[{"embeddable":true,"href":"https:\/\/ebgi.eu\/index.php\/wp-json\/wp\/v2\/comments?post=550"}],"version-history":[{"count":60,"href":"https:\/\/ebgi.eu\/index.php\/wp-json\/wp\/v2\/pages\/550\/revisions"}],"predecessor-version":[{"id":1217,"href":"https:\/\/ebgi.eu\/index.php\/wp-json\/wp\/v2\/pages\/550\/revisions\/1217"}],"wp:attachment":[{"href":"https:\/\/ebgi.eu\/index.php\/wp-json\/wp\/v2\/media?parent=550"}],"curies":[{"name":"wp","href":"https:\/\/api.w.org\/{rel}","templated":true}]}}