{"id":1091,"date":"2025-08-11T17:40:07","date_gmt":"2025-08-11T17:40:07","guid":{"rendered":"http:\/\/ebgi.eu\/?page_id=1091"},"modified":"2025-08-11T17:59:48","modified_gmt":"2025-08-11T17:59:48","slug":"termini-e-condizioni","status":"publish","type":"page","link":"https:\/\/ebgi.eu\/index.php\/termini-e-condizioni\/","title":{"rendered":"TERMINI E CONDIZIONI"},"content":{"rendered":"\n<p class=\"has-text-align-center\">Questi Termini e Condizioni regolano l&#8217;utilizzo del sito web www.ebgi.eu (di seguito &#8220;sito<br>web&#8221;). L&#8217;utilizzo del sito web implica l&#8217;accettazione incondizionata dei seguenti termini e<br>condizioni. Se non \u00e8 d&#8217;accordo con questi termini e condizioni, la preghiamo di non utilizzare il<br>sito web.<br><strong>Cookie:<\/strong><br>Il sito utilizza cookie per personalizzare l&#8217;esperienza online. Accedendo al sito web accetta l&#8217;uso<br>dei cookie richiesti.<br>Un cookie \u00e8 un file di testo che viene posizionato sull&#8217;hard disk da un server web. I cookie non<br>possono essere usati per eseguire programmi o inviare virus al computer. I cookie vengono<br>assegnati unicamente a Lei e possono essere letti solo dal server web nel dominio che ha<br>emesso il cookie.<br>Potremmo usare i cookie per raccogliere, archiviare e tracciare informazioni per finalit\u00e0<br>statistiche e di marketing al fine di gestire il nostro sito web. Le consentiamo di accettare o<br>rifiutare i cookie opzionali. Sono presenti dei cookie necessari indispensabili per il<br>funzionamento del sito. Tali cookie non richiedono il consenso dato che sono attivi in ogni caso.<br>Le chiediamo di tenere a mente che l&#8217;accettazione dei cookie richiesti prevede anche<br>l&#8217;accettazione dei cookie di terzi, che potrebbero provenire da servizi forniti da terzi nel caso in<br>cui decida di usare tali servizi sul nostro sito.<br><strong>Licenza:<\/strong><br>A meno che indicato altrimenti, E.B.G.I. s.r.l. e\/o gli affiliati con licenza detengono i diritti di<br>propriet\u00e0 intellettuale per tutto il materiale sul sito web. Tutti i diritti di propriet\u00e0 intellettuale<br>sono riservati. Pu\u00f2 accedervi tramite il sito web per uso personale soggetto a restrizioni indicate<br>nei termini e nelle condizioni seguenti.<br>Non \u00e8 consentito:<\/p>\n\n\n\n<ul class=\"wp-block-list\">\n<li>Copiare o ripubblicare il materiale del sito web<\/li>\n\n\n\n<li>Vendere, noleggiare o fornire in sub-licenza il materiale del sito web<\/li>\n\n\n\n<li>Riprodurre, duplicare o copiare il materiale del sito web<\/li>\n\n\n\n<li>Ridistribuire contenuti del sito web<br>Parti di questo sito web offrono all&#8217;utente la possibilit\u00e0 di pubblicare e scambiare opinioni e<br>informazioni in certe aree del sito. E.B.G.I. s.r.l. non filtra, modifica, pubblica o revisiona i<br>commenti prima di aggiungerli sul sito. I commenti non riflettono il punto di vista e l&#8217;opinione di<br>E.B.G.I. s.r.l., dei suoi agenti e\/o dei suoi affiliati. I commenti riflettono punto di vista e opinione<br>di colui che pubblica tale punto di vista o opinione. Nella misura consentita dalla legge, E.B.G.I.<br>s.r.l. non deve essere ritenuta responsabile per i commenti e non pu\u00f2 ricevere richieste di<br>risarcimento danni o spese causate dall&#8217;uso, dalla pubblicazione e\/o dalla presenza dei<br>commenti sul sito.<br>E.B.G.I. s.r.l. si riserva il diritto di monitorare tutti i commenti e rimuovere quelli che considera<br>non appropriati, offensivi o in violazione con i presenti termini e condizioni.<br>Lei garantisce che:<\/li>\n\n\n\n<li>\u00c8 autorizzato a pubblicare commenti sul sito e ha tutte le licenze e i permessi necessari<br>per tale azione;<\/li>\n\n\n\n<li>I commenti non violano nessun diritto di propriet\u00e0 intellettuale, inclusi senza limitazione<br>diritto d&#8217;autore, brevetti o marchi commerciali di terze parti;<\/li>\n\n\n\n<li>I commenti non contengono materiale diffamatorio, calunnioso, offensivo, indecente o<br>altrimenti illegale, provocando una violazione della privacy;<\/li>\n\n\n\n<li>I commenti non verranno usati per sollecitare o promuovere business, attivit\u00e0<br>commerciali o illegali.<br>Lei concede a E.B.G.I. s.r.l. una licenza non esclusiva di usare, riprodurre, modificare e autorizza<br>altri a usare, riprodurre e modificare qualsiasi Suo commento in ogni forma, formato o media.<br>Contenuti del sito web<br>Il contenuto del sito web, inclusi testo, grafica, logo, icone, immagini, clip audio, download<br>digitali e software, \u00e8 di propriet\u00e0 esclusiva di E.B.G.I. s.r.l. o dei suoi fornitori di contenuti e<br>protetto dalle leggi sul copyright e sulla propriet\u00e0 intellettuale. Il contenuto non pu\u00f2 essere<br>riprodotto, pubblicato, trasmesso, venduto o distribuito in alcun modo senza il preventivo<br>consenso scritto di E.B.G.I. s.r.l.<br>Responsabilit\u00e0 dell&#8217;utente<br>L&#8217;utente \u00e8 il solo responsabile per l&#8217;utilizzo del sito web e dei suoi contenuti. L&#8217;utente accetta di<br>utilizzare il sito web e i suoi contenuti solo per scopi legittimi e di non effettuare alcuna attivit\u00e0<br>che possa danneggiare o interferire con il funzionamento del sito web.<br>Modifiche ai termini e alle condizioni<br>Ci riserviamo il diritto di modificare in qualsiasi momento i termini e le condizioni d&#8217;uso del sito<br>web, a nostra discrezione. Continuando ad utilizzare il sito web dopo la pubblicazione di<br>eventuali modifiche, l&#8217;utente accetta di essere vincolato da tali modifiche. Ti invitiamo a<br>consultare regolarmente questa pagina per eventuali modifiche.<\/li>\n<\/ul>\n\n\n\n<p><\/p>\n","protected":false},"excerpt":{"rendered":"<p>Questi Termini e Condizioni regolano l&#8217;utilizzo del sito web www.ebgi.eu (di seguito &#8220;sitoweb&#8221;). L&#8217;utilizzo del sito web implica l&#8217;accettazione incondizionata [&hellip;]<\/p>\n","protected":false},"author":1,"featured_media":0,"parent":0,"menu_order":0,"comment_status":"closed","ping_status":"closed","template":"","meta":{"_uag_custom_page_level_css":"","site-sidebar-layout":"default","site-content-layout":"","ast-site-content-layout":"default","site-content-style":"default","site-sidebar-style":"default","ast-global-header-display":"","ast-banner-title-visibility":"","ast-main-header-display":"","ast-hfb-above-header-display":"","ast-hfb-below-header-display":"","ast-hfb-mobile-header-display":"","site-post-title":"","ast-breadcrumbs-content":"","ast-featured-img":"","footer-sml-layout":"","theme-transparent-header-meta":"","adv-header-id-meta":"","stick-header-meta":"","header-above-stick-meta":"","header-main-stick-meta":"","header-below-stick-meta":"","astra-migrate-meta-layouts":"default","ast-page-background-enabled":"default","ast-page-background-meta":{"desktop":{"background-color":"var(--ast-global-color-5)","background-image":"","background-repeat":"repeat","background-position":"center center","background-size":"auto","background-attachment":"scroll","background-type":"","background-media":"","overlay-type":"","overlay-color":"","overlay-opacity":"","overlay-gradient":""},"tablet":{"background-color":"","background-image":"","background-repeat":"repeat","background-position":"center center","background-size":"auto","background-attachment":"scroll","background-type":"","background-media":"","overlay-type":"","overlay-color":"","overlay-opacity":"","overlay-gradient":""},"mobile":{"background-color":"","background-image":"","background-repeat":"repeat","background-position":"center center","background-size":"auto","background-attachment":"scroll","background-type":"","background-media":"","overlay-type":"","overlay-color":"","overlay-opacity":"","overlay-gradient":""}},"ast-content-background-meta":{"desktop":{"background-color":"var(--ast-global-color-4)","background-image":"","background-repeat":"repeat","background-position":"center center","background-size":"auto","background-attachment":"scroll","background-type":"","background-media":"","overlay-type":"","overlay-color":"","overlay-opacity":"","overlay-gradient":""},"tablet":{"background-color":"var(--ast-global-color-4)","background-image":"","background-repeat":"repeat","background-position":"center center","background-size":"auto","background-attachment":"scroll","background-type":"","background-media":"","overlay-type":"","overlay-color":"","overlay-opacity":"","overlay-gradient":""},"mobile":{"background-color":"var(--ast-global-color-4)","background-image":"","background-repeat":"repeat","background-position":"center center","background-size":"auto","background-attachment":"scroll","background-type":"","background-media":"","overlay-type":"","overlay-color":"","overlay-opacity":"","overlay-gradient":""}},"footnotes":""},"class_list":["post-1091","page","type-page","status-publish","hentry"],"uagb_featured_image_src":{"full":false,"thumbnail":false,"medium":false,"medium_large":false,"large":false,"1536x1536":false,"2048x2048":false},"uagb_author_info":{"display_name":"admin2463","author_link":"https:\/\/ebgi.eu\/author\/admin2463\/"},"uagb_comment_info":0,"uagb_excerpt":"Questi Termini e Condizioni regolano l&#8217;utilizzo del sito web www.ebgi.eu (di seguito &#8220;sitoweb&#8221;). L&#8217;utilizzo del sito web implica l&#8217;accettazione incondizionata [&hellip;]","_links":{"self":[{"href":"https:\/\/ebgi.eu\/index.php\/wp-json\/wp\/v2\/pages\/1091","targetHints":{"allow":["GET"]}}],"collection":[{"href":"https:\/\/ebgi.eu\/index.php\/wp-json\/wp\/v2\/pages"}],"about":[{"href":"https:\/\/ebgi.eu\/index.php\/wp-json\/wp\/v2\/types\/page"}],"author":[{"embeddable":true,"href":"https:\/\/ebgi.eu\/index.php\/wp-json\/wp\/v2\/users\/1"}],"replies":[{"embeddable":true,"href":"https:\/\/ebgi.eu\/index.php\/wp-json\/wp\/v2\/comments?post=1091"}],"version-history":[{"count":6,"href":"https:\/\/ebgi.eu\/index.php\/wp-json\/wp\/v2\/pages\/1091\/revisions"}],"predecessor-version":[{"id":1098,"href":"https:\/\/ebgi.eu\/index.php\/wp-json\/wp\/v2\/pages\/1091\/revisions\/1098"}],"wp:attachment":[{"href":"https:\/\/ebgi.eu\/index.php\/wp-json\/wp\/v2\/media?parent=1091"}],"curies":[{"name":"wp","href":"https:\/\/api.w.org\/{rel}","templated":true}]}}